{"id":28,"date":"2013-09-21T01:33:32","date_gmt":"2013-09-21T01:33:32","guid":{"rendered":"http:\/\/www.piconseguros.com\/?page_id=28"},"modified":"2022-05-04T23:54:25","modified_gmt":"2022-05-05T02:54:25","slug":"accidentes-de-trabajo","status":"publish","type":"page","link":"https:\/\/www.piconseguros.com\/?page_id=28","title":{"rendered":"Accidentes de Trabajo y enfermedades profesionales"},"content":{"rendered":"<p><em>Este es un seguro&nbsp; muy importante y que muchas veces no es valorado correctamente, pudiendo ser causa de p\u00e9rdidas incalculables destruyendo patrimonios &nbsp;personales y familiares, por no contar con este &nbsp;seguro, o haberlo contratado erroneamente.<\/em><strong><em><br><\/em><br>Es de car\u00e1cter Obligatorio:<\/strong><br>Art. 1\u00ba Ley 16.074 .- \u00abDecl\u00e1rase obligatorio el seguro sobre Accidentes del Trabajo y Enfermedades Profesionales previsto en la presente ley.\u00bb&#8230;.para todo patrono que tenga personal dependiente a su cargo.<br>El Banco de Seguros del Estado tiene el Monopolio del seguro y es el responsable de administrar y hacer cumplir la presente ley en todos sus t\u00e9rminos.<br><strong>\u00bfQui\u00e9nes est\u00e1n obligados a contratar un seguro de Accidentes del Trabajo?<\/strong><br>Las empresas o patronos con personal dependiente que pertenezcan a las actividades:<\/p>\n<ul>\n<li>Industria y Comercio<\/li>\n<li>Servicio Dom\u00e9stico<\/li>\n<li>Sector Rural<\/li>\n<li>Sector Construcci\u00f3n<\/li>\n<\/ul>\n<p><strong>\u00bfCu\u00e1ndo se debe contratar un seguro de Accidentes del Trabajo?<\/strong><\/p>\n<p>Al momento en que usted contrata personal dependiente.<\/p>\n<p><span style=\"color: #3366ff;\"><strong><a title=\"Accidentes BSE\" href=\"http:\/\/www.bse.com.uy\/inicio\/seguros\/seguros-personales\/accidentes-del-trabajo-y-enf-profesionales\/\" target=\"_blank\" rel=\"noopener noreferrer\"><span style=\"color: #3366ff;\">Obtenga m\u00e1s informaci\u00f3n aqu\u00ed.<\/span><\/a><\/strong><\/span><\/p>\n<p><strong><span style=\"color: #3366ff;\"><a href=\"https:\/\/www.piconseguros.com\/?page_id=1349\"><span style=\"color: #3366ff;\">Solicite aqu\u00ed una cotizaci\u00f3n para este seguro.<\/span><\/a><\/span><\/strong><\/p>\n<p style=\"text-align: right;\"><\/p>\n\n\n<div class=\"wp-block-buttons is-layout-flex wp-block-buttons-is-layout-flex\">\n<div class=\"wp-block-button\"><a class=\"wp-block-button__link\" href=\"https:\/\/www.piconseguros.com\">HOME<\/a><\/div>\n<\/div>\n","protected":false},"excerpt":{"rendered":"<p>Este es un seguro&nbsp; muy importante y que muchas veces no es valorado correctamente, pudiendo ser causa de p\u00e9rdidas incalculables destruyendo patrimonios &nbsp;personales y familiares, por no contar con este &nbsp;seguro, o haberlo contratado erroneamente.Es de car\u00e1cter Obligatorio:Art. 1\u00ba Ley 16.074 .- \u00abDecl\u00e1rase obligatorio el seguro sobre Accidentes del Trabajo y Enfermedades Profesionales previsto en [&hellip;]<\/p>\n","protected":false},"author":1,"featured_media":1610,"parent":15,"menu_order":0,"comment_status":"closed","ping_status":"open","template":"","meta":{"site-sidebar-layout":"default","site-content-layout":"default","ast-site-content-layout":"default","site-content-style":"default","site-sidebar-style":"default","ast-global-header-display":"","ast-banner-title-visibility":"","ast-main-header-display":"","ast-hfb-above-header-display":"","ast-hfb-below-header-display":"","ast-hfb-mobile-header-display":"","site-post-title":"","ast-breadcrumbs-content":"","ast-featured-img":"","footer-sml-layout":"","theme-transparent-header-meta":"default","adv-header-id-meta":"","stick-header-meta":"","header-above-stick-meta":"","header-main-stick-meta":"","header-below-stick-meta":"","astra-migrate-meta-layouts":"default","ast-page-background-enabled":"default","ast-page-background-meta":{"desktop":{"background-color":"","background-image":"","background-repeat":"repeat","background-position":"center center","background-size":"auto","background-attachment":"scroll","background-type":"","background-media":"","overlay-type":"","overlay-color":"","overlay-opacity":"","overlay-gradient":""},"tablet":{"background-color":"","background-image":"","background-repeat":"repeat","background-position":"center center","background-size":"auto","background-attachment":"scroll","background-type":"","background-media":"","overlay-type":"","overlay-color":"","overlay-opacity":"","overlay-gradient":""},"mobile":{"background-color":"","background-image":"","background-repeat":"repeat","background-position":"center center","background-size":"auto","background-attachment":"scroll","background-type":"","background-media":"","overlay-type":"","overlay-color":"","overlay-opacity":"","overlay-gradient":""}},"ast-content-background-meta":{"desktop":{"background-color":"var(--ast-global-color-5)","background-image":"","background-repeat":"repeat","background-position":"center center","background-size":"auto","background-attachment":"scroll","background-type":"","background-media":"","overlay-type":"","overlay-color":"","overlay-opacity":"","overlay-gradient":""},"tablet":{"background-color":"var(--ast-global-color-5)","background-image":"","background-repeat":"repeat","background-position":"center center","background-size":"auto","background-attachment":"scroll","background-type":"","background-media":"","overlay-type":"","overlay-color":"","overlay-opacity":"","overlay-gradient":""},"mobile":{"background-color":"var(--ast-global-color-5)","background-image":"","background-repeat":"repeat","background-position":"center center","background-size":"auto","background-attachment":"scroll","background-type":"","background-media":"","overlay-type":"","overlay-color":"","overlay-opacity":"","overlay-gradient":""}},"footnotes":""},"class_list":["post-28","page","type-page","status-publish","has-post-thumbnail","hentry"],"_links":{"self":[{"href":"https:\/\/www.piconseguros.com\/index.php?rest_route=\/wp\/v2\/pages\/28","targetHints":{"allow":["GET"]}}],"collection":[{"href":"https:\/\/www.piconseguros.com\/index.php?rest_route=\/wp\/v2\/pages"}],"about":[{"href":"https:\/\/www.piconseguros.com\/index.php?rest_route=\/wp\/v2\/types\/page"}],"author":[{"embeddable":true,"href":"https:\/\/www.piconseguros.com\/index.php?rest_route=\/wp\/v2\/users\/1"}],"replies":[{"embeddable":true,"href":"https:\/\/www.piconseguros.com\/index.php?rest_route=%2Fwp%2Fv2%2Fcomments&post=28"}],"version-history":[{"count":61,"href":"https:\/\/www.piconseguros.com\/index.php?rest_route=\/wp\/v2\/pages\/28\/revisions"}],"predecessor-version":[{"id":1612,"href":"https:\/\/www.piconseguros.com\/index.php?rest_route=\/wp\/v2\/pages\/28\/revisions\/1612"}],"up":[{"embeddable":true,"href":"https:\/\/www.piconseguros.com\/index.php?rest_route=\/wp\/v2\/pages\/15"}],"wp:featuredmedia":[{"embeddable":true,"href":"https:\/\/www.piconseguros.com\/index.php?rest_route=\/wp\/v2\/media\/1610"}],"wp:attachment":[{"href":"https:\/\/www.piconseguros.com\/index.php?rest_route=%2Fwp%2Fv2%2Fmedia&parent=28"}],"curies":[{"name":"wp","href":"https:\/\/api.w.org\/{rel}","templated":true}]}}