{"id":26,"date":"2013-09-21T01:31:50","date_gmt":"2013-09-21T01:31:50","guid":{"rendered":"http:\/\/www.piconseguros.com\/?page_id=26"},"modified":"2022-05-05T10:02:53","modified_gmt":"2022-05-05T13:02:53","slug":"empresariales","status":"publish","type":"page","link":"https:\/\/www.piconseguros.com\/?page_id=26","title":{"rendered":"Empresariales"},"content":{"rendered":"<p style=\"text-align: justify;\">\u00a0<\/p>\n<p style=\"text-align: justify;\">Para asegurar su comercio o industria, consorcio de propietarios, oficina o PYMe.<\/p>\n<p style=\"text-align: justify;\">Puede optar entre un plan de cobertura <strong>integral o parcial<\/strong>.<\/p>\n<p style=\"text-align: justify;\">Algunos de los riesgos cubiertos pueden ser:<\/p>\n<ul>\n<li>Incendio edificio y Contenido<\/li>\n<li>Granizo y Terremoto<\/li>\n<li>Hurto y\/o Rapi\u00f1a<\/li>\n<li>Cristales<\/li>\n<li>Remoci\u00f3n de Escombros y\/o demolici\u00f3n de edificios<\/li>\n<li>Responsabilidad Civil Comprensiva y Linderos<\/li>\n<li>Da\u00f1os por agua<\/li>\n<li>Seguro t\u00e9cnico<\/li>\n<li>Rapi\u00f1a y \/o Hurto de Valores en Caja y\/o transito<\/li>\n<li>Gastos extraordinarios y de extinci\u00f3n de incendios<\/li>\n<li>Honorarios Profesionales.<\/li>\n<li>Rayo y\/o explosi\u00f3n.<\/li>\n<li>Hechos de tumulto popular, huelga y lock out.<\/li>\n<li>Vandalismo, malevolencia, impacto causado por veh\u00edculos terrestres, aeronaves, sus partes o carga transportada y humo .<\/li>\n<li>Hurac\u00e1n, vendaval, cicl\u00f3n y\/o tornado.<\/li>\n<li>Robo contenido general de Hall de entrada.<\/li>\n<\/ul>\n<p style=\"text-align: justify;\"><strong><span style=\"color: #3366ff;\"><a href=\"https:\/\/www.piconseguros.com\/?page_id=1349\" data-wplink-edit=\"true\"><span style=\"color: #3366ff;\">Solicite aqu\u00ed una cotizaci\u00f3n para este seguro.<\/span><\/a><\/span><\/strong><\/p>\n<p style=\"text-align: justify;\"><strong><span style=\"color: #3366ff;\"><a href=\"http:\/\/www.bse.com.uy\/inicio\/seguros\/seguros-empresariales\/\" target=\"_blank\" rel=\"noopener noreferrer\"><span style=\"color: #3366ff;\">Obtenga m\u00e1s informaci\u00f3n aqu\u00ed.<\/span><\/a><\/span><\/strong><\/p>\n<p style=\"text-align: right;\">\u00a0<\/p>\n\n","protected":false},"excerpt":{"rendered":"<p>\u00a0 Para asegurar su comercio o industria, consorcio de propietarios, oficina o PYMe. Puede optar entre un plan de cobertura integral o parcial. Algunos de los riesgos cubiertos pueden ser: Incendio edificio y Contenido Granizo y Terremoto Hurto y\/o Rapi\u00f1a Cristales Remoci\u00f3n de Escombros y\/o demolici\u00f3n de edificios Responsabilidad Civil Comprensiva y Linderos Da\u00f1os por [&hellip;]<\/p>\n","protected":false},"author":1,"featured_media":1606,"parent":15,"menu_order":0,"comment_status":"closed","ping_status":"open","template":"","meta":{"site-sidebar-layout":"default","site-content-layout":"default","ast-site-content-layout":"default","site-content-style":"default","site-sidebar-style":"default","ast-global-header-display":"","ast-banner-title-visibility":"","ast-main-header-display":"","ast-hfb-above-header-display":"","ast-hfb-below-header-display":"","ast-hfb-mobile-header-display":"","site-post-title":"","ast-breadcrumbs-content":"","ast-featured-img":"","footer-sml-layout":"","theme-transparent-header-meta":"default","adv-header-id-meta":"","stick-header-meta":"","header-above-stick-meta":"","header-main-stick-meta":"","header-below-stick-meta":"","astra-migrate-meta-layouts":"default","ast-page-background-enabled":"default","ast-page-background-meta":{"desktop":{"background-color":"","background-image":"","background-repeat":"repeat","background-position":"center center","background-size":"auto","background-attachment":"scroll","background-type":"","background-media":"","overlay-type":"","overlay-color":"","overlay-opacity":"","overlay-gradient":""},"tablet":{"background-color":"","background-image":"","background-repeat":"repeat","background-position":"center center","background-size":"auto","background-attachment":"scroll","background-type":"","background-media":"","overlay-type":"","overlay-color":"","overlay-opacity":"","overlay-gradient":""},"mobile":{"background-color":"","background-image":"","background-repeat":"repeat","background-position":"center center","background-size":"auto","background-attachment":"scroll","background-type":"","background-media":"","overlay-type":"","overlay-color":"","overlay-opacity":"","overlay-gradient":""}},"ast-content-background-meta":{"desktop":{"background-color":"var(--ast-global-color-5)","background-image":"","background-repeat":"repeat","background-position":"center center","background-size":"auto","background-attachment":"scroll","background-type":"","background-media":"","overlay-type":"","overlay-color":"","overlay-opacity":"","overlay-gradient":""},"tablet":{"background-color":"var(--ast-global-color-5)","background-image":"","background-repeat":"repeat","background-position":"center center","background-size":"auto","background-attachment":"scroll","background-type":"","background-media":"","overlay-type":"","overlay-color":"","overlay-opacity":"","overlay-gradient":""},"mobile":{"background-color":"var(--ast-global-color-5)","background-image":"","background-repeat":"repeat","background-position":"center center","background-size":"auto","background-attachment":"scroll","background-type":"","background-media":"","overlay-type":"","overlay-color":"","overlay-opacity":"","overlay-gradient":""}},"footnotes":""},"class_list":["post-26","page","type-page","status-publish","has-post-thumbnail","hentry"],"_links":{"self":[{"href":"https:\/\/www.piconseguros.com\/index.php?rest_route=\/wp\/v2\/pages\/26","targetHints":{"allow":["GET"]}}],"collection":[{"href":"https:\/\/www.piconseguros.com\/index.php?rest_route=\/wp\/v2\/pages"}],"about":[{"href":"https:\/\/www.piconseguros.com\/index.php?rest_route=\/wp\/v2\/types\/page"}],"author":[{"embeddable":true,"href":"https:\/\/www.piconseguros.com\/index.php?rest_route=\/wp\/v2\/users\/1"}],"replies":[{"embeddable":true,"href":"https:\/\/www.piconseguros.com\/index.php?rest_route=%2Fwp%2Fv2%2Fcomments&post=26"}],"version-history":[{"count":19,"href":"https:\/\/www.piconseguros.com\/index.php?rest_route=\/wp\/v2\/pages\/26\/revisions"}],"predecessor-version":[{"id":1638,"href":"https:\/\/www.piconseguros.com\/index.php?rest_route=\/wp\/v2\/pages\/26\/revisions\/1638"}],"up":[{"embeddable":true,"href":"https:\/\/www.piconseguros.com\/index.php?rest_route=\/wp\/v2\/pages\/15"}],"wp:featuredmedia":[{"embeddable":true,"href":"https:\/\/www.piconseguros.com\/index.php?rest_route=\/wp\/v2\/media\/1606"}],"wp:attachment":[{"href":"https:\/\/www.piconseguros.com\/index.php?rest_route=%2Fwp%2Fv2%2Fmedia&parent=26"}],"curies":[{"name":"wp","href":"https:\/\/api.w.org\/{rel}","templated":true}]}}