{"id":24,"date":"2013-09-21T01:30:14","date_gmt":"2013-09-21T01:30:14","guid":{"rendered":"http:\/\/www.piconseguros.com\/?page_id=24"},"modified":"2022-05-05T00:27:57","modified_gmt":"2022-05-05T03:27:57","slug":"vida-y-ahorro","status":"publish","type":"page","link":"https:\/\/www.piconseguros.com\/?page_id=24","title":{"rendered":"Vida y Ahorro"},"content":{"rendered":"<p style=\"text-align: justify;\">Incluimos en esta secci\u00f3n los <em><strong>seguros de vida y accidentes personales.<\/strong> <\/em><\/p>\n<p style=\"text-align: justify;\">La mejor forma de proteger su familia, siempre adaptado a sus posibilidades. Algunos de los planes son los siguientes:<\/p>\n<ul>\n<li style=\"text-align: justify;\"><strong>Vida Entera<\/strong><\/li>\n<\/ul>\n<p style=\"text-align: justify;\">Es una modalidad de cobertura que solamente ampara el fallecimiento del asegurado, pag\u00e1ndose la indemnizaci\u00f3n a los beneficiarios designados en la p\u00f3liza.<\/p>\n<ul>\n<li style=\"text-align: justify;\"><strong>Pago Elegido<\/strong><\/li>\n<\/ul>\n<p style=\"text-align: justify;\">Es una cobertura igual a la del seguro de Vida Entera, cuyos premios se pagan durante un n\u00famero limitado de a\u00f1os (15, 20 o 30 a\u00f1os) . Puede contratarse con vencimiento de pago a los 60 o 65 a\u00f1os de edad del asegurado . La indemnizaci\u00f3n, como en vida entera, se abona solamente en caso de fallecimiento del asegurado .<\/p>\n<ul>\n<li style=\"text-align: justify;\"><strong>Vida y Ahorro<\/strong><\/li>\n<\/ul>\n<p style=\"text-align: justify;\">Es una de las variedades de los llamados seguros de \u00absupervivencia\u00bb . Pueden contratarse por plazos de 10, 15 o 20 a\u00f1os, o hasta 60 y 65 a\u00f1os de edad . Vencidos los plazos antedichos, se abona el capital contratado al beneficiario. Si el asegurado fallece antes de cumplirse el plazo estipulado, el capital se abonar\u00e1 a los beneficiarios designados en la p\u00f3liza para el caso de muerte .<\/p>\n<ul>\n<li style=\"text-align: justify;\"><strong>Seguro de Vida y Ahorro M\u00faltiple<\/strong><\/li>\n<\/ul>\n<p style=\"text-align: justify;\">Esta cobertura se contrata por plazos de 10, 15 o 20 a\u00f1os, o hasta los 60 a\u00f1os de edad. El capital asegurado por causa de muerte (en el caso de fallecimiento antes del vencimiento total o plazo estipulado a opci\u00f3n del asegurado) es el triple o cu\u00e1druple del valor del capital contratado para vida.<\/p>\n<ul>\n<li style=\"text-align: justify;\"><strong>Temporario Convertible<\/strong><\/li>\n<\/ul>\n<p style=\"text-align: justify;\">Esta cobertura se denomina temporaria porque la vigencia del seguro es solamente durante un periodo determinado de a\u00f1os, y convertible porque durante un plazo preestablecido el asegurado puede transformarlo en cualquier otro plan de seguro de vida, por un capital no mayor que el que ten\u00eda en el temporario y sin necesidad de examen m\u00e9dico o de previa declaraci\u00f3n jurada de salud.<\/p>\n<ul>\n<li style=\"text-align: justify;\"><strong>Seguro de Desempleo<\/strong><\/li>\n<\/ul>\n<p style=\"text-align: justify;\">Producto que se vende como adicional al seguro de Vida Agrupamiento saldo de deuda, cubriendo a un acreedor las obligaciones del pago del deudor, con motivo de desempleo involuntario de \u00e9ste o de la p\u00e9rdida de ingresos .<\/p>\n<p style=\"text-align: justify;\"><span style=\"text-decoration: underline;\"><strong><span style=\"color: #3366ff; text-decoration: underline;\"><a href=\"https:\/\/www.piconseguros.com\/?page_id=1349\"><span style=\"color: #3366ff; text-decoration: underline;\">Solicite aqu\u00ed una cotizaci\u00f3n para este seguro.<\/span><\/a><\/span><\/strong><\/span><\/p>\n<p style=\"text-align: right;\"><\/p>\n\n","protected":false},"excerpt":{"rendered":"<p>Incluimos en esta secci\u00f3n los seguros de vida y accidentes personales. La mejor forma de proteger su familia, siempre adaptado a sus posibilidades. Algunos de los planes son los siguientes: Vida Entera Es una modalidad de cobertura que solamente ampara el fallecimiento del asegurado, pag\u00e1ndose la indemnizaci\u00f3n a los beneficiarios designados en la p\u00f3liza. Pago [&hellip;]<\/p>\n","protected":false},"author":1,"featured_media":1611,"parent":15,"menu_order":0,"comment_status":"closed","ping_status":"open","template":"","meta":{"site-sidebar-layout":"default","site-content-layout":"default","ast-site-content-layout":"default","site-content-style":"default","site-sidebar-style":"default","ast-global-header-display":"","ast-banner-title-visibility":"","ast-main-header-display":"","ast-hfb-above-header-display":"","ast-hfb-below-header-display":"","ast-hfb-mobile-header-display":"","site-post-title":"","ast-breadcrumbs-content":"","ast-featured-img":"","footer-sml-layout":"","theme-transparent-header-meta":"default","adv-header-id-meta":"","stick-header-meta":"","header-above-stick-meta":"","header-main-stick-meta":"","header-below-stick-meta":"","astra-migrate-meta-layouts":"default","ast-page-background-enabled":"default","ast-page-background-meta":{"desktop":{"background-color":"","background-image":"","background-repeat":"repeat","background-position":"center center","background-size":"auto","background-attachment":"scroll","background-type":"","background-media":"","overlay-type":"","overlay-color":"","overlay-opacity":"","overlay-gradient":""},"tablet":{"background-color":"","background-image":"","background-repeat":"repeat","background-position":"center center","background-size":"auto","background-attachment":"scroll","background-type":"","background-media":"","overlay-type":"","overlay-color":"","overlay-opacity":"","overlay-gradient":""},"mobile":{"background-color":"","background-image":"","background-repeat":"repeat","background-position":"center center","background-size":"auto","background-attachment":"scroll","background-type":"","background-media":"","overlay-type":"","overlay-color":"","overlay-opacity":"","overlay-gradient":""}},"ast-content-background-meta":{"desktop":{"background-color":"var(--ast-global-color-5)","background-image":"","background-repeat":"repeat","background-position":"center center","background-size":"auto","background-attachment":"scroll","background-type":"","background-media":"","overlay-type":"","overlay-color":"","overlay-opacity":"","overlay-gradient":""},"tablet":{"background-color":"var(--ast-global-color-5)","background-image":"","background-repeat":"repeat","background-position":"center center","background-size":"auto","background-attachment":"scroll","background-type":"","background-media":"","overlay-type":"","overlay-color":"","overlay-opacity":"","overlay-gradient":""},"mobile":{"background-color":"var(--ast-global-color-5)","background-image":"","background-repeat":"repeat","background-position":"center center","background-size":"auto","background-attachment":"scroll","background-type":"","background-media":"","overlay-type":"","overlay-color":"","overlay-opacity":"","overlay-gradient":""}},"footnotes":""},"class_list":["post-24","page","type-page","status-publish","has-post-thumbnail","hentry"],"_links":{"self":[{"href":"https:\/\/www.piconseguros.com\/index.php?rest_route=\/wp\/v2\/pages\/24","targetHints":{"allow":["GET"]}}],"collection":[{"href":"https:\/\/www.piconseguros.com\/index.php?rest_route=\/wp\/v2\/pages"}],"about":[{"href":"https:\/\/www.piconseguros.com\/index.php?rest_route=\/wp\/v2\/types\/page"}],"author":[{"embeddable":true,"href":"https:\/\/www.piconseguros.com\/index.php?rest_route=\/wp\/v2\/users\/1"}],"replies":[{"embeddable":true,"href":"https:\/\/www.piconseguros.com\/index.php?rest_route=%2Fwp%2Fv2%2Fcomments&post=24"}],"version-history":[{"count":16,"href":"https:\/\/www.piconseguros.com\/index.php?rest_route=\/wp\/v2\/pages\/24\/revisions"}],"predecessor-version":[{"id":1623,"href":"https:\/\/www.piconseguros.com\/index.php?rest_route=\/wp\/v2\/pages\/24\/revisions\/1623"}],"up":[{"embeddable":true,"href":"https:\/\/www.piconseguros.com\/index.php?rest_route=\/wp\/v2\/pages\/15"}],"wp:featuredmedia":[{"embeddable":true,"href":"https:\/\/www.piconseguros.com\/index.php?rest_route=\/wp\/v2\/media\/1611"}],"wp:attachment":[{"href":"https:\/\/www.piconseguros.com\/index.php?rest_route=%2Fwp%2Fv2%2Fmedia&parent=24"}],"curies":[{"name":"wp","href":"https:\/\/api.w.org\/{rel}","templated":true}]}}