{"id":18,"date":"2013-09-21T01:25:19","date_gmt":"2013-09-21T01:25:19","guid":{"rendered":"http:\/\/www.piconseguros.com\/?page_id=18"},"modified":"2022-05-05T10:19:42","modified_gmt":"2022-05-05T13:19:42","slug":"automotores","status":"publish","type":"page","link":"https:\/\/www.piconseguros.com\/?page_id=18","title":{"rendered":"Veh\u00edculos"},"content":{"rendered":"\n<div class=\"inherit-container-width wp-block-group is-layout-constrained wp-block-group-is-layout-constrained\"><div class=\"wp-block-group__inner-container\">\n<p>Puede asegurar su veh\u00edculo contra <strong>todo riesgo<\/strong> o contra<strong> riesgos espec\u00edficos.<\/strong> Esto puede incluir:<\/p>\n\n\n\n<ul class=\"wp-block-list\"><li>Responsabilidad Civil<\/li><li>Incendio Total y\/o Parcial<\/li><li>Hurto y Rapi\u00f1a Total y\/o Parcial<\/li><li>Accidente total o parcial<\/li><li>Huelga, Lock Out o Tumulto popular<\/li><li>Granizo, Terremoto o Inundaci\u00f3n<\/li><li>Destrucci\u00f3n Total<\/li><li>Rotura de cerradura<\/li><li>Cristales<\/li><li>Reposici\u00f3n a 0km por p\u00e9rdida total<\/li><li>Gastos de Gestor\u00eda<\/li><li>Asistencia al veh\u00edculo<\/li><li>Seguro de accidentes personales<\/li><\/ul>\n\n\n\n<p>El servicio tambi\u00e9n puede incluir:<\/p>\n\n\n\n<ul class=\"wp-block-list\"><li>Extensi\u00f3n de la cobertura b\u00e1sica a los pa\u00edses lim\u00edtrofes, Chile y Paraguay.<\/li><li>Asistencia jur\u00eddica integral.<\/li><li>Localizaci\u00f3n y transporte de equipajes que se hayan extraviado en el extranjero.<\/li><\/ul>\n\n\n\n<p>T<strong>odas las coberturas incluyen el SEGURO OBLIGATORIO DE AUTOMOVILES (SOA) Cobertura de responsabilidad civil en caso de muerte, en incapacidad total y permanente de terceros.<\/strong><\/p>\n\n\n\n<p><a href=\"http:\/\/www.piconseguros.com\/?page_id=38\"><strong>Solicite aqu\u00ed una <\/strong><\/a><strong><a href=\"https:\/\/www.piconseguros.com\/?page_id=1342\">cotizaci\u00f3n <\/a><\/strong><a href=\"https:\/\/www.piconseguros.com\/?page_id=1342\"><strong>para este seguro.<\/strong><\/a><\/p>\n\n\n\n<p class=\"has-text-align-right\"><\/p>\n<\/div><\/div>\n\n\n","protected":false},"excerpt":{"rendered":"<p>Puede asegurar su veh\u00edculo contra todo riesgo o contra riesgos espec\u00edficos. Esto puede incluir: Responsabilidad Civil Incendio Total y\/o Parcial Hurto y Rapi\u00f1a Total y\/o Parcial Accidente total o parcial Huelga, Lock Out o Tumulto popular Granizo, Terremoto o Inundaci\u00f3n Destrucci\u00f3n Total Rotura de cerradura Cristales Reposici\u00f3n a 0km por p\u00e9rdida total Gastos de Gestor\u00eda [&hellip;]<\/p>\n","protected":false},"author":1,"featured_media":1604,"parent":15,"menu_order":0,"comment_status":"closed","ping_status":"closed","template":"","meta":{"site-sidebar-layout":"default","site-content-layout":"default","ast-site-content-layout":"default","site-content-style":"default","site-sidebar-style":"default","ast-global-header-display":"","ast-banner-title-visibility":"","ast-main-header-display":"","ast-hfb-above-header-display":"","ast-hfb-below-header-display":"","ast-hfb-mobile-header-display":"","site-post-title":"","ast-breadcrumbs-content":"","ast-featured-img":"","footer-sml-layout":"","theme-transparent-header-meta":"default","adv-header-id-meta":"","stick-header-meta":"","header-above-stick-meta":"","header-main-stick-meta":"","header-below-stick-meta":"","astra-migrate-meta-layouts":"default","ast-page-background-enabled":"default","ast-page-background-meta":{"desktop":{"background-color":"","background-image":"","background-repeat":"repeat","background-position":"center center","background-size":"auto","background-attachment":"scroll","background-type":"","background-media":"","overlay-type":"","overlay-color":"","overlay-opacity":"","overlay-gradient":""},"tablet":{"background-color":"","background-image":"","background-repeat":"repeat","background-position":"center center","background-size":"auto","background-attachment":"scroll","background-type":"","background-media":"","overlay-type":"","overlay-color":"","overlay-opacity":"","overlay-gradient":""},"mobile":{"background-color":"","background-image":"","background-repeat":"repeat","background-position":"center center","background-size":"auto","background-attachment":"scroll","background-type":"","background-media":"","overlay-type":"","overlay-color":"","overlay-opacity":"","overlay-gradient":""}},"ast-content-background-meta":{"desktop":{"background-color":"var(--ast-global-color-5)","background-image":"","background-repeat":"repeat","background-position":"center center","background-size":"auto","background-attachment":"scroll","background-type":"","background-media":"","overlay-type":"","overlay-color":"","overlay-opacity":"","overlay-gradient":""},"tablet":{"background-color":"var(--ast-global-color-5)","background-image":"","background-repeat":"repeat","background-position":"center center","background-size":"auto","background-attachment":"scroll","background-type":"","background-media":"","overlay-type":"","overlay-color":"","overlay-opacity":"","overlay-gradient":""},"mobile":{"background-color":"var(--ast-global-color-5)","background-image":"","background-repeat":"repeat","background-position":"center center","background-size":"auto","background-attachment":"scroll","background-type":"","background-media":"","overlay-type":"","overlay-color":"","overlay-opacity":"","overlay-gradient":""}},"footnotes":""},"class_list":["post-18","page","type-page","status-publish","has-post-thumbnail","hentry"],"_links":{"self":[{"href":"https:\/\/www.piconseguros.com\/index.php?rest_route=\/wp\/v2\/pages\/18","targetHints":{"allow":["GET"]}}],"collection":[{"href":"https:\/\/www.piconseguros.com\/index.php?rest_route=\/wp\/v2\/pages"}],"about":[{"href":"https:\/\/www.piconseguros.com\/index.php?rest_route=\/wp\/v2\/types\/page"}],"author":[{"embeddable":true,"href":"https:\/\/www.piconseguros.com\/index.php?rest_route=\/wp\/v2\/users\/1"}],"replies":[{"embeddable":true,"href":"https:\/\/www.piconseguros.com\/index.php?rest_route=%2Fwp%2Fv2%2Fcomments&post=18"}],"version-history":[{"count":23,"href":"https:\/\/www.piconseguros.com\/index.php?rest_route=\/wp\/v2\/pages\/18\/revisions"}],"predecessor-version":[{"id":1639,"href":"https:\/\/www.piconseguros.com\/index.php?rest_route=\/wp\/v2\/pages\/18\/revisions\/1639"}],"up":[{"embeddable":true,"href":"https:\/\/www.piconseguros.com\/index.php?rest_route=\/wp\/v2\/pages\/15"}],"wp:featuredmedia":[{"embeddable":true,"href":"https:\/\/www.piconseguros.com\/index.php?rest_route=\/wp\/v2\/media\/1604"}],"wp:attachment":[{"href":"https:\/\/www.piconseguros.com\/index.php?rest_route=%2Fwp%2Fv2%2Fmedia&parent=18"}],"curies":[{"name":"wp","href":"https:\/\/api.w.org\/{rel}","templated":true}]}}