{"id":143,"date":"2013-09-25T04:14:13","date_gmt":"2013-09-25T04:14:13","guid":{"rendered":"http:\/\/www.piconseguros.com\/?page_id=143"},"modified":"2022-05-04T23:56:49","modified_gmt":"2022-05-05T02:56:49","slug":"embarcaciones","status":"publish","type":"page","link":"https:\/\/www.piconseguros.com\/?page_id=143","title":{"rendered":"Embarcaciones"},"content":{"rendered":"<p style=\"text-align: justify;\"><strong>Ofrecemos cobertura integral o parcial para embarcaciones deportivas (gomones, lanchas, cruceros, veleros y yates) o comerciales.<\/strong><\/p>\n<p style=\"text-align: justify;\"><strong>El seguro puede incluir:<\/strong><\/p>\n<ul>\n<li style=\"text-align: justify;\">Da\u00f1os totales y parciales (a causa de naufragio, varamiento, indendio y\/o explosi\u00f3n y choque contra embarcaci\u00f3n, buque o aerom\u00f3vil, muelles y en general cualquier cuerpo flotante)<\/li>\n<li style=\"text-align: justify;\">Rapi\u00f1a y\/o Hurto Total<\/li>\n<li style=\"text-align: justify;\">Responsabilidad Civil por colisi\u00f3n hacia cosas de terceros<\/li>\n<li style=\"text-align: justify;\">Gastos derivados por salvamento<\/li>\n<li style=\"text-align: justify;\">Huelga, Lock Out, tumultos y conmociones populares.<\/li>\n<\/ul>\n<p style=\"text-align: justify;\"><strong>Coberturas adicionales:<\/strong><\/p>\n<ul>\n<li style=\"text-align: justify;\">Incendio en guarder\u00eda<\/li>\n<li style=\"text-align: justify;\">Temporal e inundaci\u00f3n<\/li>\n<li style=\"text-align: justify;\">Responsabilidad civil hacia terceras personas transportadas o no<\/li>\n<li style=\"text-align: justify;\">Navegaci\u00f3n costera mar\u00edtima y oce\u00e1nica<\/li>\n<li style=\"text-align: justify;\">Rapi\u00f1a y\/o hurto del motor fuera de borda y elementos fijos al casco<\/li>\n<li style=\"text-align: justify;\">Transporte en trailer<\/li>\n<li style=\"text-align: justify;\">Responsabilidad civil por incendio<\/li>\n<\/ul>\n<p style=\"text-align: justify;\"><strong><a href=\"https:\/\/www.piconseguros.com\/?page_id=1349\">Solicite aqu\u00ed una cotizaci\u00f3n para este seguro.<\/a><\/strong><\/p>\n<p style=\"padding-left: 60px; text-align: right;\"><\/p>\n\n","protected":false},"excerpt":{"rendered":"<p>Ofrecemos cobertura integral o parcial para embarcaciones deportivas (gomones, lanchas, cruceros, veleros y yates) o comerciales. El seguro puede incluir: Da\u00f1os totales y parciales (a causa de naufragio, varamiento, indendio y\/o explosi\u00f3n y choque contra embarcaci\u00f3n, buque o aerom\u00f3vil, muelles y en general cualquier cuerpo flotante) Rapi\u00f1a y\/o Hurto Total Responsabilidad Civil por colisi\u00f3n hacia [&hellip;]<\/p>\n","protected":false},"author":1,"featured_media":1605,"parent":15,"menu_order":0,"comment_status":"closed","ping_status":"open","template":"","meta":{"site-sidebar-layout":"default","site-content-layout":"default","ast-site-content-layout":"default","site-content-style":"default","site-sidebar-style":"default","ast-global-header-display":"","ast-banner-title-visibility":"","ast-main-header-display":"","ast-hfb-above-header-display":"","ast-hfb-below-header-display":"","ast-hfb-mobile-header-display":"","site-post-title":"","ast-breadcrumbs-content":"","ast-featured-img":"","footer-sml-layout":"","theme-transparent-header-meta":"default","adv-header-id-meta":"","stick-header-meta":"","header-above-stick-meta":"","header-main-stick-meta":"","header-below-stick-meta":"","astra-migrate-meta-layouts":"default","ast-page-background-enabled":"default","ast-page-background-meta":{"desktop":{"background-color":"","background-image":"","background-repeat":"repeat","background-position":"center center","background-size":"auto","background-attachment":"scroll","background-type":"","background-media":"","overlay-type":"","overlay-color":"","overlay-opacity":"","overlay-gradient":""},"tablet":{"background-color":"","background-image":"","background-repeat":"repeat","background-position":"center center","background-size":"auto","background-attachment":"scroll","background-type":"","background-media":"","overlay-type":"","overlay-color":"","overlay-opacity":"","overlay-gradient":""},"mobile":{"background-color":"","background-image":"","background-repeat":"repeat","background-position":"center center","background-size":"auto","background-attachment":"scroll","background-type":"","background-media":"","overlay-type":"","overlay-color":"","overlay-opacity":"","overlay-gradient":""}},"ast-content-background-meta":{"desktop":{"background-color":"var(--ast-global-color-5)","background-image":"","background-repeat":"repeat","background-position":"center center","background-size":"auto","background-attachment":"scroll","background-type":"","background-media":"","overlay-type":"","overlay-color":"","overlay-opacity":"","overlay-gradient":""},"tablet":{"background-color":"var(--ast-global-color-5)","background-image":"","background-repeat":"repeat","background-position":"center center","background-size":"auto","background-attachment":"scroll","background-type":"","background-media":"","overlay-type":"","overlay-color":"","overlay-opacity":"","overlay-gradient":""},"mobile":{"background-color":"var(--ast-global-color-5)","background-image":"","background-repeat":"repeat","background-position":"center center","background-size":"auto","background-attachment":"scroll","background-type":"","background-media":"","overlay-type":"","overlay-color":"","overlay-opacity":"","overlay-gradient":""}},"footnotes":""},"class_list":["post-143","page","type-page","status-publish","has-post-thumbnail","hentry"],"_links":{"self":[{"href":"https:\/\/www.piconseguros.com\/index.php?rest_route=\/wp\/v2\/pages\/143","targetHints":{"allow":["GET"]}}],"collection":[{"href":"https:\/\/www.piconseguros.com\/index.php?rest_route=\/wp\/v2\/pages"}],"about":[{"href":"https:\/\/www.piconseguros.com\/index.php?rest_route=\/wp\/v2\/types\/page"}],"author":[{"embeddable":true,"href":"https:\/\/www.piconseguros.com\/index.php?rest_route=\/wp\/v2\/users\/1"}],"replies":[{"embeddable":true,"href":"https:\/\/www.piconseguros.com\/index.php?rest_route=%2Fwp%2Fv2%2Fcomments&post=143"}],"version-history":[{"count":15,"href":"https:\/\/www.piconseguros.com\/index.php?rest_route=\/wp\/v2\/pages\/143\/revisions"}],"predecessor-version":[{"id":1615,"href":"https:\/\/www.piconseguros.com\/index.php?rest_route=\/wp\/v2\/pages\/143\/revisions\/1615"}],"up":[{"embeddable":true,"href":"https:\/\/www.piconseguros.com\/index.php?rest_route=\/wp\/v2\/pages\/15"}],"wp:featuredmedia":[{"embeddable":true,"href":"https:\/\/www.piconseguros.com\/index.php?rest_route=\/wp\/v2\/media\/1605"}],"wp:attachment":[{"href":"https:\/\/www.piconseguros.com\/index.php?rest_route=%2Fwp%2Fv2%2Fmedia&parent=143"}],"curies":[{"name":"wp","href":"https:\/\/api.w.org\/{rel}","templated":true}]}}