{"id":14,"date":"2018-10-16T13:15:30","date_gmt":"2018-10-16T16:15:30","guid":{"rendered":"https:\/\/www.piconseguros.com\/?page_id=14"},"modified":"2020-11-22T11:29:08","modified_gmt":"2020-11-22T14:29:08","slug":"servicios","status":"publish","type":"page","link":"https:\/\/www.piconseguros.com\/?page_id=14","title":{"rendered":"SERVICIOS"},"content":{"rendered":"\t\t<div data-elementor-type=\"wp-post\" data-elementor-id=\"14\" class=\"elementor elementor-14\">\n\t\t\t\t\t\t<section class=\"elementor-section elementor-top-section elementor-element elementor-element-9101b11 elementor-section-full_width elementor-section-content-middle elementor-section-height-default elementor-section-height-default\" data-id=\"9101b11\" data-element_type=\"section\" data-e-type=\"section\" data-settings=\"{&quot;background_background&quot;:&quot;classic&quot;}\">\n\t\t\t\t\t\t\t<div class=\"elementor-background-overlay\"><\/div>\n\t\t\t\t\t\t\t<div class=\"elementor-container elementor-column-gap-no\">\n\t\t\t\t\t<div class=\"elementor-column elementor-col-50 elementor-top-column elementor-element elementor-element-6d11120\" data-id=\"6d11120\" data-element_type=\"column\" data-e-type=\"column\">\n\t\t\t<div class=\"elementor-widget-wrap elementor-element-populated\">\n\t\t\t\t\t\t<div class=\"elementor-element elementor-element-07dbc83 elementor-widget elementor-widget-heading\" data-id=\"07dbc83\" data-element_type=\"widget\" data-e-type=\"widget\" data-widget_type=\"heading.default\">\n\t\t\t\t<div class=\"elementor-widget-container\">\n\t\t\t\t\t<h1 class=\"elementor-heading-title elementor-size-default\">SERVICIOS<\/h1>\t\t\t\t<\/div>\n\t\t\t\t<\/div>\n\t\t\t\t<div class=\"elementor-element elementor-element-7170443 elementor-widget-divider--view-line elementor-widget elementor-widget-divider\" data-id=\"7170443\" data-element_type=\"widget\" data-e-type=\"widget\" data-widget_type=\"divider.default\">\n\t\t\t\t<div class=\"elementor-widget-container\">\n\t\t\t\t\t\t\t<div class=\"elementor-divider\">\n\t\t\t<span class=\"elementor-divider-separator\">\n\t\t\t\t\t\t<\/span>\n\t\t<\/div>\n\t\t\t\t\t\t<\/div>\n\t\t\t\t<\/div>\n\t\t\t\t\t<\/div>\n\t\t<\/div>\n\t\t\t\t<div class=\"elementor-column elementor-col-50 elementor-top-column elementor-element elementor-element-17bc2ee\" data-id=\"17bc2ee\" data-element_type=\"column\" data-e-type=\"column\" data-settings=\"{&quot;background_background&quot;:&quot;classic&quot;}\">\n\t\t\t<div class=\"elementor-widget-wrap elementor-element-populated\">\n\t\t\t\t\t\t<div class=\"elementor-element elementor-element-3456a70 elementor-widget elementor-widget-heading\" data-id=\"3456a70\" data-element_type=\"widget\" data-e-type=\"widget\" data-widget_type=\"heading.default\">\n\t\t\t\t<div class=\"elementor-widget-container\">\n\t\t\t\t\t<h6 class=\"elementor-heading-title elementor-size-default\">EMERGENCIAS<\/h6>\t\t\t\t<\/div>\n\t\t\t\t<\/div>\n\t\t\t\t<div class=\"elementor-element elementor-element-08adc5d elementor-widget-divider--view-line elementor-widget elementor-widget-divider\" data-id=\"08adc5d\" data-element_type=\"widget\" data-e-type=\"widget\" data-widget_type=\"divider.default\">\n\t\t\t\t<div class=\"elementor-widget-container\">\n\t\t\t\t\t\t\t<div class=\"elementor-divider\">\n\t\t\t<span class=\"elementor-divider-separator\">\n\t\t\t\t\t\t<\/span>\n\t\t<\/div>\n\t\t\t\t\t\t<\/div>\n\t\t\t\t<\/div>\n\t\t\t\t<div class=\"elementor-element elementor-element-4052030 elementor-align-end elementor-mobile-align-start elementor-icon-list--layout-traditional elementor-list-item-link-full_width elementor-widget elementor-widget-icon-list\" data-id=\"4052030\" data-element_type=\"widget\" data-e-type=\"widget\" data-widget_type=\"icon-list.default\">\n\t\t\t\t<div class=\"elementor-widget-container\">\n\t\t\t\t\t\t\t<ul class=\"elementor-icon-list-items\">\n\t\t\t\t\t\t\t<li class=\"elementor-icon-list-item\">\n\t\t\t\t\t\t\t\t\t\t\t<span class=\"elementor-icon-list-icon\">\n\t\t\t\t\t\t\t<i aria-hidden=\"true\" class=\"fas fa-phone\"><\/i>\t\t\t\t\t\t<\/span>\n\t\t\t\t\t\t\t\t\t\t<span class=\"elementor-icon-list-text\">099 68 46 47<\/span>\n\t\t\t\t\t\t\t\t\t<\/li>\n\t\t\t\t\t\t<\/ul>\n\t\t\t\t\t\t<\/div>\n\t\t\t\t<\/div>\n\t\t\t\t\t<\/div>\n\t\t<\/div>\n\t\t\t\t\t<\/div>\n\t\t<\/section>\n\t\t\t\t<section class=\"elementor-section elementor-top-section elementor-element elementor-element-e2275a7 elementor-section-boxed elementor-section-height-default elementor-section-height-default\" data-id=\"e2275a7\" data-element_type=\"section\" data-e-type=\"section\" data-settings=\"{&quot;background_background&quot;:&quot;classic&quot;}\">\n\t\t\t\t\t\t<div class=\"elementor-container elementor-column-gap-no\">\n\t\t\t\t\t<div class=\"elementor-column elementor-col-50 elementor-top-column elementor-element elementor-element-df58132\" data-id=\"df58132\" data-element_type=\"column\" data-e-type=\"column\">\n\t\t\t<div class=\"elementor-widget-wrap elementor-element-populated\">\n\t\t\t\t\t\t<div class=\"elementor-element elementor-element-e67100a elementor-widget elementor-widget-accordion\" data-id=\"e67100a\" data-element_type=\"widget\" data-e-type=\"widget\" data-widget_type=\"accordion.default\">\n\t\t\t\t<div class=\"elementor-widget-container\">\n\t\t\t\t\t\t\t<div class=\"elementor-accordion\">\n\t\t\t\t\t\t\t<div class=\"elementor-accordion-item\">\n\t\t\t\t\t<div id=\"elementor-tab-title-2411\" class=\"elementor-tab-title\" data-tab=\"1\" role=\"button\" aria-controls=\"elementor-tab-content-2411\" aria-expanded=\"false\">\n\t\t\t\t\t\t\t\t\t\t\t\t\t<span class=\"elementor-accordion-icon elementor-accordion-icon-left\" aria-hidden=\"true\">\n\t\t\t\t\t\t\t\t\t\t\t\t\t\t\t<span class=\"elementor-accordion-icon-closed\"><i class=\"fas fa-plus\"><\/i><\/span>\n\t\t\t\t\t\t\t\t<span class=\"elementor-accordion-icon-opened\"><i class=\"fas fa-minus\"><\/i><\/span>\n\t\t\t\t\t\t\t\t\t\t\t\t\t\t<\/span>\n\t\t\t\t\t\t\t\t\t\t\t\t<a class=\"elementor-accordion-title\" tabindex=\"0\">\u00bfQU\u00c9 HACER EN CASO DE SINIESTRO?<\/a>\n\t\t\t\t\t<\/div>\n\t\t\t\t\t<div id=\"elementor-tab-content-2411\" class=\"elementor-tab-content elementor-clearfix\" data-tab=\"1\" role=\"region\" aria-labelledby=\"elementor-tab-title-2411\"><p>Si es asegurado del <strong>BSE:<br \/><\/strong>Llamar al <strong>1994<\/strong> (desde todo el pa\u00eds).<br \/><a href=\"http:\/\/www.bse.com.uy\/inicio\/servicios\/Que_hacer_en_caso_de_siniestro\/\" target=\"_blank\" rel=\"noopener\">M\u00e1s informaci\u00f3n<\/a><\/p><p>Si es asegurado de <strong>RSA:<br \/><\/strong>llamar al <strong>0800 8120<\/strong>.<br \/><a href=\"http:\/\/www.rsagroup.com.uy\/preguntas-frecuentes.aspx\" target=\"_blank\" rel=\"noopener\">M\u00e1s informaci\u00f3n<\/a><\/p><p>Si es asegurado de <strong>SANCOR:<br \/><\/strong>Llamar al\u00a0<strong>800 8500, o al 26280444<\/strong>.<br \/><a href=\"https:\/\/www.gruposancorseguros.com\/web\/es\/siniestros_uruguay.aspx\" target=\"_blank\" rel=\"noopener\">M\u00e1s informaci\u00f3n<\/a><\/p><\/div>\n\t\t\t\t<\/div>\n\t\t\t\t\t\t\t<div class=\"elementor-accordion-item\">\n\t\t\t\t\t<div id=\"elementor-tab-title-2412\" class=\"elementor-tab-title\" data-tab=\"2\" role=\"button\" aria-controls=\"elementor-tab-content-2412\" aria-expanded=\"false\">\n\t\t\t\t\t\t\t\t\t\t\t\t\t<span class=\"elementor-accordion-icon elementor-accordion-icon-left\" aria-hidden=\"true\">\n\t\t\t\t\t\t\t\t\t\t\t\t\t\t\t<span class=\"elementor-accordion-icon-closed\"><i class=\"fas fa-plus\"><\/i><\/span>\n\t\t\t\t\t\t\t\t<span class=\"elementor-accordion-icon-opened\"><i class=\"fas fa-minus\"><\/i><\/span>\n\t\t\t\t\t\t\t\t\t\t\t\t\t\t<\/span>\n\t\t\t\t\t\t\t\t\t\t\t\t<a class=\"elementor-accordion-title\" tabindex=\"0\">CONDICIONES DE SEGUROS<\/a>\n\t\t\t\t\t<\/div>\n\t\t\t\t\t<div id=\"elementor-tab-content-2412\" class=\"elementor-tab-content elementor-clearfix\" data-tab=\"2\" role=\"region\" aria-labelledby=\"elementor-tab-title-2412\"><p>Queremos que Ud. tenga el\u00a0 m\u00e1s completo asesoramiento sobre los t\u00e9rminos,\u00a0 planes,\u00a0 y condiciones de cada seguro en espec\u00edfico, y de su regulaci\u00f3n. Es por eso que creamos esta p\u00e1gina donde reunimos la mayor cantidad de informaci\u00f3n, para brindarle el mejor servicio.<\/p><ul><li><a title=\"http:\/\/www.bse.com.uy\/inicio\/seguros\/seguros-personales\/vehiculos\/\" href=\"http:\/\/www.bse.com.uy\/inicio\/seguros\/seguros-personales\/vehiculos\/\" target=\"_blank\" rel=\"noopener\">Condiciones del seguros para Veh\u00edculos en BSE<\/a><\/li><li><a href=\"https:\/\/corporate-site-content.gruposancorseguros.com\/SSU\/Products\/automotores-es20160912090645734.pdf\" target=\"_blank\" rel=\"noopener\">Condiciones seguros\u00a0 Automotor SANCOR<\/a><\/li><li><a href=\"https:\/\/www.segurossura.com.uy\/seguros-personas\/automoviles\/\" target=\"_blank\" rel=\"noopener\">Condiciones del seguro de Automotores SURA<\/a><\/li><li><a href=\"https:\/\/www.segurossura.com.uy\/seguros-personas\/hogar\/\" target=\"_blank\" rel=\"noopener\">Condiciones del seguro de hogar SURA<\/a><\/li><li><a href=\"http:\/\/www.bse.com.uy\/inicio\/seguros\/seguros-personales\/Hogar\/\" target=\"_blank\" rel=\"noopener\">Condiciones del seguro de hogar total\u00a0 BSE<\/a><\/li><\/ul><\/div>\n\t\t\t\t<\/div>\n\t\t\t\t\t\t\t\t<\/div>\n\t\t\t\t\t\t<\/div>\n\t\t\t\t<\/div>\n\t\t\t\t\t<\/div>\n\t\t<\/div>\n\t\t\t\t<div class=\"elementor-column elementor-col-50 elementor-top-column elementor-element elementor-element-b19cf5e\" data-id=\"b19cf5e\" data-element_type=\"column\" data-e-type=\"column\">\n\t\t\t<div class=\"elementor-widget-wrap elementor-element-populated\">\n\t\t\t\t\t\t<div class=\"elementor-element elementor-element-aa683a4 elementor-widget elementor-widget-accordion\" data-id=\"aa683a4\" data-element_type=\"widget\" data-e-type=\"widget\" data-widget_type=\"accordion.default\">\n\t\t\t\t<div class=\"elementor-widget-container\">\n\t\t\t\t\t\t\t<div class=\"elementor-accordion\">\n\t\t\t\t\t\t\t<div class=\"elementor-accordion-item\">\n\t\t\t\t\t<div id=\"elementor-tab-title-1781\" class=\"elementor-tab-title\" data-tab=\"1\" role=\"button\" aria-controls=\"elementor-tab-content-1781\" aria-expanded=\"false\">\n\t\t\t\t\t\t\t\t\t\t\t\t\t<span class=\"elementor-accordion-icon elementor-accordion-icon-left\" aria-hidden=\"true\">\n\t\t\t\t\t\t\t\t\t\t\t\t\t\t\t<span class=\"elementor-accordion-icon-closed\"><i class=\"fas fa-plus\"><\/i><\/span>\n\t\t\t\t\t\t\t\t<span class=\"elementor-accordion-icon-opened\"><i class=\"fas fa-minus\"><\/i><\/span>\n\t\t\t\t\t\t\t\t\t\t\t\t\t\t<\/span>\n\t\t\t\t\t\t\t\t\t\t\t\t<a class=\"elementor-accordion-title\" tabindex=\"0\">ALGUNAS RECOMENDACIONES IMPORTANTES<\/a>\n\t\t\t\t\t<\/div>\n\t\t\t\t\t<div id=\"elementor-tab-content-1781\" class=\"elementor-tab-content elementor-clearfix\" data-tab=\"1\" role=\"region\" aria-labelledby=\"elementor-tab-title-1781\"><ul><li>No realice ning\u00fan tipo de acuerdo con terceros, ni firme documentaci\u00f3n alguna que lo comprometa.<\/li><li>En caso de hurto e incendio, realice primero la denuncia policial y luego llame al telefono correspondiente a su compa\u00f1\u00eda aseguradora.<\/li><li>La denuncia debe ser inmediata, todas las C\u00edas. tienen un servicio de atenci\u00f3n de siniestros en el lugar, con s\u00f3lo hacer una llamada telef\u00f3nica. El no hacerlo de esta forma podr\u00eda resultar en una no cobertura del mismo. Si notifica fuera del plazo previsto, la aseguradora podr\u00e1 negarse al pago de la indemnizaci\u00f3n por da\u00f1os.<\/li><li>Recuerde colocar las balizas para se\u00f1alizar el accidente y mantener las luces del veh\u00edculo encendidas. Una vez se\u00f1alizado correctamente el accidente, la siguiente misi\u00f3n ser\u00e1 la de intentar aminorar las consecuencias del accidente, o eliminarlas, si ello fuera posible.<\/li><li>Obtenga la mayor cantidad de datos del otro conductor. Evite discutir. Con el acuerdo amistoso se acortan los tiempos de resoluci\u00f3n y por ende los de cobro.<\/li><li>Busque la mayor cantidad de testigos que pueda.<\/li><li>Apague y quite la llave de contacto de TODOS los veh\u00edculos accidentados, as\u00ed como TODOS los dispositivos el\u00e9ctricos del coche como las luces al objeto de evitar posibles incendios, etc.<\/li><li>Inmovilice los veh\u00edculos, para que no se puedan desplazar y provocar situaciones de riesgo.<\/li><\/ul><\/div>\n\t\t\t\t<\/div>\n\t\t\t\t\t\t\t<div class=\"elementor-accordion-item\">\n\t\t\t\t\t<div id=\"elementor-tab-title-1782\" class=\"elementor-tab-title\" data-tab=\"2\" role=\"button\" aria-controls=\"elementor-tab-content-1782\" aria-expanded=\"false\">\n\t\t\t\t\t\t\t\t\t\t\t\t\t<span class=\"elementor-accordion-icon elementor-accordion-icon-left\" aria-hidden=\"true\">\n\t\t\t\t\t\t\t\t\t\t\t\t\t\t\t<span class=\"elementor-accordion-icon-closed\"><i class=\"fas fa-plus\"><\/i><\/span>\n\t\t\t\t\t\t\t\t<span class=\"elementor-accordion-icon-opened\"><i class=\"fas fa-minus\"><\/i><\/span>\n\t\t\t\t\t\t\t\t\t\t\t\t\t\t<\/span>\n\t\t\t\t\t\t\t\t\t\t\t\t<a class=\"elementor-accordion-title\" tabindex=\"0\">P\u00c1GINAS \u00daTILES<\/a>\n\t\t\t\t\t<\/div>\n\t\t\t\t\t<div id=\"elementor-tab-content-1782\" class=\"elementor-tab-content elementor-clearfix\" data-tab=\"2\" role=\"region\" aria-labelledby=\"elementor-tab-title-1782\"><h2><strong>BSE<\/strong><\/h2><p><a href=\"https:\/\/www.bse.com.uy\/inicio\/servicios\/vehiculos\/carta-verde-certificados-soa\/certificado-soa\" target=\"_blank\" rel=\"noopener\">Certificado SOA<\/a><\/p><p><a href=\"https:\/\/www.bse.com.uy\/inicio\/servicios\/pagos\/Impresion-de-Facturas\/\" target=\"_blank\" rel=\"noopener\">Facturas pendientes<\/a><\/p><p><a href=\"https:\/\/www.bse.com.uy\/inicio\/servicios\/vehiculos\/Carta-Verde-Certificados-SOA\/carta-verde\/\" target=\"_blank\" rel=\"noopener\">Carta verde<\/a><\/p><p><a href=\"https:\/\/www.bse.com.uy\/inicio\/servicios\/accidentes-del-trabajo\/certificado-cumplimiento-ley-16074-positivo-negativo\/\" target=\"_blank\" rel=\"noopener\">Certificado de cumplimiento ley 16.074 accidentes de trabajo<\/a><\/p><p><a href=\"https:\/\/www.bse.com.uy\/inicio\/servicios\/accidentes-del-trabajo\/denuncia-patronal\/\" target=\"_blank\" rel=\"noopener\">Denuncia patronal de accidentes del trabajo<\/a><\/p><h2><strong>SURA<\/strong><\/h2><p><a href=\"https:\/\/www.segurossura.com.uy\/soa-tarjeta-verde\/\" target=\"_blank\" rel=\"noopener\">Tarjeta Verde \/ SOA<\/a><\/p><p><a href=\"https:\/\/www.segurossura.com.uy\/descargar-poliza-factura\/\" target=\"_blank\" rel=\"noopener\">Descargar p\u00f3liza y factura <\/a><\/p><h2><strong>SANCOR<\/strong><\/h2><p><a href=\"https:\/\/www.sancorseguros.com.uy\/\" target=\"_blank\" rel=\"noopener\">Gestiones<\/a><\/p><\/div>\n\t\t\t\t<\/div>\n\t\t\t\t\t\t\t\t<\/div>\n\t\t\t\t\t\t<\/div>\n\t\t\t\t<\/div>\n\t\t\t\t\t<\/div>\n\t\t<\/div>\n\t\t\t\t\t<\/div>\n\t\t<\/section>\n\t\t\t\t<section class=\"elementor-section elementor-top-section elementor-element elementor-element-8818164 elementor-section-content-middle elementor-section-boxed elementor-section-height-default elementor-section-height-default\" data-id=\"8818164\" data-element_type=\"section\" data-e-type=\"section\" data-settings=\"{&quot;background_background&quot;:&quot;classic&quot;}\">\n\t\t\t\t\t\t\t<div class=\"elementor-background-overlay\"><\/div>\n\t\t\t\t\t\t\t<div class=\"elementor-container elementor-column-gap-no\">\n\t\t\t\t\t<div class=\"elementor-column elementor-col-100 elementor-top-column elementor-element elementor-element-454d4ff\" data-id=\"454d4ff\" data-element_type=\"column\" data-e-type=\"column\">\n\t\t\t<div class=\"elementor-widget-wrap elementor-element-populated\">\n\t\t\t\t\t\t<div class=\"elementor-element elementor-element-f18d26e elementor-widget-divider--view-line elementor-widget elementor-widget-divider\" data-id=\"f18d26e\" data-element_type=\"widget\" data-e-type=\"widget\" data-widget_type=\"divider.default\">\n\t\t\t\t<div class=\"elementor-widget-container\">\n\t\t\t\t\t\t\t<div class=\"elementor-divider\">\n\t\t\t<span class=\"elementor-divider-separator\">\n\t\t\t\t\t\t<\/span>\n\t\t<\/div>\n\t\t\t\t\t\t<\/div>\n\t\t\t\t<\/div>\n\t\t\t\t<div class=\"elementor-element elementor-element-2062808 elementor-widget elementor-widget-heading\" data-id=\"2062808\" data-element_type=\"widget\" data-e-type=\"widget\" data-widget_type=\"heading.default\">\n\t\t\t\t<div class=\"elementor-widget-container\">\n\t\t\t\t\t<h2 class=\"elementor-heading-title elementor-size-default\">SOLICITE SU COTIZACI\u00d3N AQU\u00cd<\/h2>\t\t\t\t<\/div>\n\t\t\t\t<\/div>\n\t\t\t\t<div class=\"elementor-element elementor-element-088a7d5 elementor-widget elementor-widget-text-editor\" data-id=\"088a7d5\" data-element_type=\"widget\" data-e-type=\"widget\" data-widget_type=\"text-editor.default\">\n\t\t\t\t<div class=\"elementor-widget-container\">\n\t\t\t\t\t\t\t\t\t<h4><a href=\"https:\/\/www.piconseguros.com\/?page_id=1342\"><span style=\"color: #ff3700;\">POR VEH\u00cdCULOS, CLICK AQU\u00cd.<\/span><\/a><\/h4><h4><a href=\"https:\/\/www.piconseguros.com\/?page_id=1349\"><span style=\"color: #ff3700;\">POR OTROS SEGUROS, CLICK AQU\u00cd.<\/span><\/a><\/h4>\t\t\t\t\t\t\t\t<\/div>\n\t\t\t\t<\/div>\n\t\t\t\t<div class=\"elementor-element elementor-element-8e69533 elementor-widget elementor-widget-heading\" data-id=\"8e69533\" data-element_type=\"widget\" data-e-type=\"widget\" data-widget_type=\"heading.default\">\n\t\t\t\t<div class=\"elementor-widget-container\">\n\t\t\t\t\t<h4 class=\"elementor-heading-title elementor-size-default\">otras consultas:<\/h4>\t\t\t\t<\/div>\n\t\t\t\t<\/div>\n\t\t\t\t<div class=\"elementor-element elementor-element-d1d4898 elementor-align-center elementor-widget elementor-widget-button\" data-id=\"d1d4898\" data-element_type=\"widget\" data-e-type=\"widget\" data-widget_type=\"button.default\">\n\t\t\t\t<div class=\"elementor-widget-container\">\n\t\t\t\t\t\t\t\t\t<div class=\"elementor-button-wrapper\">\n\t\t\t\t\t<a class=\"elementor-button elementor-button-link elementor-size-md\" href=\"https:\/\/www.piconseguros.com\/?page_id=12\">\n\t\t\t\t\t\t<span class=\"elementor-button-content-wrapper\">\n\t\t\t\t\t\t<span class=\"elementor-button-icon\">\n\t\t\t\t<i aria-hidden=\"true\" class=\"far fa-paper-plane\"><\/i>\t\t\t<\/span>\n\t\t\t\t\t\t\t\t\t<span class=\"elementor-button-text\">Cont\u00e1ctenos<\/span>\n\t\t\t\t\t<\/span>\n\t\t\t\t\t<\/a>\n\t\t\t\t<\/div>\n\t\t\t\t\t\t\t\t<\/div>\n\t\t\t\t<\/div>\n\t\t\t\t\t<\/div>\n\t\t<\/div>\n\t\t\t\t\t<\/div>\n\t\t<\/section>\n\t\t\t\t<section class=\"elementor-section elementor-top-section elementor-element elementor-element-543d1df elementor-section-boxed elementor-section-height-default elementor-section-height-default\" data-id=\"543d1df\" data-element_type=\"section\" data-e-type=\"section\">\n\t\t\t\t\t\t<div class=\"elementor-container elementor-column-gap-default\">\n\t\t\t\t\t<div class=\"elementor-column elementor-col-100 elementor-top-column elementor-element elementor-element-95d141a\" data-id=\"95d141a\" data-element_type=\"column\" data-e-type=\"column\">\n\t\t\t<div class=\"elementor-widget-wrap\">\n\t\t\t\t\t\t\t<\/div>\n\t\t<\/div>\n\t\t\t\t\t<\/div>\n\t\t<\/section>\n\t\t\t\t<\/div>\n\t\t","protected":false},"excerpt":{"rendered":"<p>SERVICIOS EMERGENCIAS 099 68 46 47 \u00bfQU\u00c9 HACER EN CASO DE SINIESTRO? Si es asegurado del BSE:Llamar al 1994 (desde todo el pa\u00eds).M\u00e1s informaci\u00f3n Si es asegurado de RSA:llamar al 0800 8120.M\u00e1s informaci\u00f3n Si es asegurado de SANCOR:Llamar al\u00a0800 8500, o al 26280444.M\u00e1s informaci\u00f3n CONDICIONES DE SEGUROS Queremos que Ud. tenga el\u00a0 m\u00e1s completo asesoramiento [&hellip;]<\/p>\n","protected":false},"author":1,"featured_media":0,"parent":0,"menu_order":0,"comment_status":"closed","ping_status":"closed","template":"","meta":{"site-sidebar-layout":"no-sidebar","site-content-layout":"page-builder","ast-site-content-layout":"default","site-content-style":"default","site-sidebar-style":"default","ast-global-header-display":"","ast-banner-title-visibility":"","ast-main-header-display":"","ast-hfb-above-header-display":"","ast-hfb-below-header-display":"","ast-hfb-mobile-header-display":"","site-post-title":"disabled","ast-breadcrumbs-content":"","ast-featured-img":"disabled","footer-sml-layout":"","theme-transparent-header-meta":"","adv-header-id-meta":"","stick-header-meta":"","header-above-stick-meta":"","header-main-stick-meta":"","header-below-stick-meta":"","astra-migrate-meta-layouts":"default","ast-page-background-enabled":"default","ast-page-background-meta":{"desktop":{"background-color":"","background-image":"","background-repeat":"repeat","background-position":"center center","background-size":"auto","background-attachment":"scroll","background-type":"","background-media":"","overlay-type":"","overlay-color":"","overlay-opacity":"","overlay-gradient":""},"tablet":{"background-color":"","background-image":"","background-repeat":"repeat","background-position":"center center","background-size":"auto","background-attachment":"scroll","background-type":"","background-media":"","overlay-type":"","overlay-color":"","overlay-opacity":"","overlay-gradient":""},"mobile":{"background-color":"","background-image":"","background-repeat":"repeat","background-position":"center center","background-size":"auto","background-attachment":"scroll","background-type":"","background-media":"","overlay-type":"","overlay-color":"","overlay-opacity":"","overlay-gradient":""}},"ast-content-background-meta":{"desktop":{"background-color":"var(--ast-global-color-5)","background-image":"","background-repeat":"repeat","background-position":"center center","background-size":"auto","background-attachment":"scroll","background-type":"","background-media":"","overlay-type":"","overlay-color":"","overlay-opacity":"","overlay-gradient":""},"tablet":{"background-color":"var(--ast-global-color-5)","background-image":"","background-repeat":"repeat","background-position":"center center","background-size":"auto","background-attachment":"scroll","background-type":"","background-media":"","overlay-type":"","overlay-color":"","overlay-opacity":"","overlay-gradient":""},"mobile":{"background-color":"var(--ast-global-color-5)","background-image":"","background-repeat":"repeat","background-position":"center center","background-size":"auto","background-attachment":"scroll","background-type":"","background-media":"","overlay-type":"","overlay-color":"","overlay-opacity":"","overlay-gradient":""}},"footnotes":""},"class_list":["post-14","page","type-page","status-publish","hentry"],"_links":{"self":[{"href":"https:\/\/www.piconseguros.com\/index.php?rest_route=\/wp\/v2\/pages\/14","targetHints":{"allow":["GET"]}}],"collection":[{"href":"https:\/\/www.piconseguros.com\/index.php?rest_route=\/wp\/v2\/pages"}],"about":[{"href":"https:\/\/www.piconseguros.com\/index.php?rest_route=\/wp\/v2\/types\/page"}],"author":[{"embeddable":true,"href":"https:\/\/www.piconseguros.com\/index.php?rest_route=\/wp\/v2\/users\/1"}],"replies":[{"embeddable":true,"href":"https:\/\/www.piconseguros.com\/index.php?rest_route=%2Fwp%2Fv2%2Fcomments&post=14"}],"version-history":[{"count":35,"href":"https:\/\/www.piconseguros.com\/index.php?rest_route=\/wp\/v2\/pages\/14\/revisions"}],"predecessor-version":[{"id":1469,"href":"https:\/\/www.piconseguros.com\/index.php?rest_route=\/wp\/v2\/pages\/14\/revisions\/1469"}],"wp:attachment":[{"href":"https:\/\/www.piconseguros.com\/index.php?rest_route=%2Fwp%2Fv2%2Fmedia&parent=14"}],"curies":[{"name":"wp","href":"https:\/\/api.w.org\/{rel}","templated":true}]}}